{"id":37,"date":"2023-10-02T17:59:34","date_gmt":"2023-10-02T15:59:34","guid":{"rendered":"https:\/\/theyugengroup.com.local\/?page_id=37"},"modified":"2024-04-25T10:17:23","modified_gmt":"2024-04-25T08:17:23","slug":"politica-de-privacidad","status":"publish","type":"page","link":"https:\/\/theyugengroup.com\/en\/politica-de-privacidad\/","title":{"rendered":"Privacy Policy"},"content":{"rendered":"<p><strong>I. PRIVACY AND DATA PROTECTION POLICY<\/strong><\/p>\r\n\r\n<p>Respecting the provisions of current legislation, B&amp;B concierge solutions sl (hereinafter also the Website) undertakes to adopt the necessary technical and organizational measures, according to the level of security appropriate to the risk of the data collected.<\/p>\r\n\r\n<p><strong>Laws included in this privacy policy<\/strong><\/p>\r\n\r\n<p>This privacy policy is adapted to current Spanish and European regulations regarding the protection of personal data on the internet. Specifically, it respects the following rules:<\/p>\r\n\r\n<p>Regulation (EU) 2016\/679 of the European Parliament and of the Council, of April 27, 2016, regarding the protection of natural persons with regard to the processing of personal data and the free circulation of these data (RGPD)<\/p>\r\nOrganic Law 3\/2018, of December 5, on the Protection of Personal Data and guarantee of digital rights (LOPD-GDD).<\/p>\r\nRoyal Decree 1720\/2007, of December 21, which approves the Regulations for the development of Organic Law 15\/1999, of December 13, on the Protection of Personal Data (RDLOPD).<\/p>\r\nLaw 34\/2002, of July 11, on Services of the Information Society and Electronic Commerce (LSSI-CE).<\/p>\r\n<p><strong>Identity of the person responsible for the processing of personal data<\/strong><\/p>\r\n\r\n<p>The person responsible for the processing of personal data collected at B&amp;B concierge solutions sl is: B&amp;B CONCIERGE SOLUTIONS SL, provided with NIF: B88548391 and registered in: Mercantile Registry of Madrid with the following registry data: Volume 32955, book 0, folio 99, section 8, sheet M-593195, entry 1, whose representative is: Francisco de Borja Barrilero Maestre (hereinafter, Responsible for the treatment). His contact details are as follows:<\/p>\r\n\r\n<p>\r\n<ul>Address\r\n<li>Calle Jose Ortega y Gasset 28, Bajo b, 28006, Madrid, Espa\u00f1a<\/li>\r\n<li>Contact phone: <a href=\"tel: 34606431336\" target=\"_blank\" rel=\"noopener\">+34629228352<\/a><\/li>\r\n<li>Contact email: <a href=\"mailto:bb@theyugengroup.com\" target=\"_blank\" rel=\"noopener\">bb@theyugengroup.com<\/a><\/li>\r\n<\/ul><\/p>\r\n\r\n<p><strong>Data Protection Officer (DPD)<\/strong><\/p>\r\n\r\n<p>The Data Protection Officer (DPD, or DPO for its acronym in English) is in charge of ensuring compliance with the data protection regulations to which B&amp;B concierge solutions sl is subject.<\/p>\r\n\r\n<p><strong>Personal Data Record<\/strong><\/p>\r\n\r\n<p>In compliance with the provisions of the RGPD and the LOPD-GDD, we inform you that the personal data collected by B&amp;B concierge solutions sl through the forms provided on its pages will be incorporated and will be processed in our files in order to facilitate, expedite and fulfill the commitments established between B&amp;B concierge solutions sl and the User or the maintenance of the relationship established in the forms that the User fills in, or to attend to a request or query from the User. Likewise, in accordance with the provisions of the RGPD and the LOPD-GDD, unless the exception provided for in article 30.5 of the RGPD applies, a record of treatment activities is kept that specifies, according to their purposes, the treatment activities carried out and the other circumstances established in the RGPD.<\/p>\r\n\r\n<p><strong>Principles applicable to the processing of personal data<\/strong><\/p>\r\n\r\n<p>The processing of the User's personal data will be subject to the following principles contained in article 5 of the RGPD and in article 4 and following of Organic Law 3\/2018, of December 5, on the Protection of Personal Data and guarantee of the digital rights:<\/p>\r\n\r\n<p>\r\n<ul>\r\n<li>Principle of legality, loyalty and transparency: the consent of the User will be required at all times, prior completely transparent information of the purposes for which the personal data is collected.<\/li>\r\n<li>Purpose limitation principle: personal data will be collected for specific, explicit and legitimate purposes.<\/li>\r\n<li>Principle of data minimization: the personal data collected will only be those strictly necessary in relation to the purposes for which they are processed.<\/li>\r\n<li>Principle of accuracy: personal data must be accurate and always up-to-date.<\/li>\r\n<li>Principle of limitation of the conservation period: personal data will only be kept in a way that allows the identification of the User for the time necessary for the purposes of its treatment.<\/li>\r\n<li>Principle of integrity and confidentiality: personal data will be treated in a way that guarantees its security and confidentiality.<\/li>\r\n<li>Principle of proactive responsibility: the Data Controller will be responsible for ensuring that the above principles are met.<\/li>\r\n<\/ul>\r\n<\/p>\r\n<p><strong>Categories of personal data<\/strong><\/p>\r\n\r\n<p>The categories of data that are treated in B&amp;B concierge solutions sl are only identifying data. In no case are special categories of personal data processed in the sense of article 9 of the RGPD.<\/p>\r\n\r\n<p><strong>Legal basis for the processing of personal data<\/strong><\/p>\r\n\r\n<p>The legal basis for the processing of personal data is consentiment. B&amp;B concierge solutions sl undertakes to obtain the express and verifiable consent of the User for the processing of their personal data for one or more specific purposes.<\/p>\r\n\r\n<p>The User will have the right to withdraw their consent at any time. It will be as easy to withdraw consent as it is to give it. As a general rule, the withdrawal of consent will not condition the use of the Website.<\/p>\r\n\r\n<p>On the occasions in which the User must or may provide their data through forms to make inquiries, request information or for reasons related to the content of the Website, they will be informed if the completion of any of them is mandatory because they are essential for the correct development of the operation carried out.<\/p>\r\n\r\n<p><strong>Purposes of the treatment to which the personal data are destined<\/strong><\/p>\r\n\r\n<p>Personal data is collected and managed by B&amp;B concierge solutions sl in order to facilitate, expedite and fulfill the commitments established between the Website and the User or the maintenance of the relationship established in the forms that the latter fills in or to attend a request or inquiry.<\/p>\r\n\r\n<p>Likewise, the data may be used for commercial, operational and statistical customization purposes, and activities of the corporate purpose of B&amp;B concierge solutions sl, as well as for the extraction, storage of data and marketing studies to adapt the Content offered to the User. , as well as improving the quality, operation and navigation of the Website.<\/p>\r\n\r\n<p>At the time the personal data is obtained, the User will be informed about the specific purpose or purposes of the treatment to which the personal data will be used; that is, the use or uses that will be given to the information collected.<\/p>\r\n\r\n<p><strong>Retention periods of personal data<\/strong><\/p>\r\n\r\n<p>Personal data will only be retained for the minimum time necessary for the purposes of its treatment and, in any case, only during the following period: 18 months, or until the User requests its deletion.<\/p>\r\n\r\n<p>When the personal data is obtained, the User will be informed about the period during which the personal data will be kept or, when that is not possible, the criteria used to determine this period.<\/p>\r\n\r\n<p><strong>Recipients of personal data<\/strong><\/p>\r\n\r\n<p>The User's personal data will not be shared with third parties.<\/p>\r\n\r\n<p>In any case, at the time the personal data is obtained, the User will be informed about the recipients or the categories of recipients of the personal data.<\/p>\r\n\r\n<p><strong>Personal data of minors<\/strong><\/p>\r\n\r\n<p>Respecting the provisions of articles 8 of the RGPD and 7 of Organic Law 3\/2018, of December 5, on the Protection of Personal Data and guarantee of digital rights, only those over 14 years of age may grant their consent for the treatment of your personal data in a lawful manner by B&amp;B concierge solutions sl. In the case of a minor under 14 years of age, the consent of the parents or guardians will be necessary for the treatment, and this will only be considered lawful to the extent that they have authorized it.<\/p>\r\n\r\n<p><strong>Secrecy and security of personal data<\/strong><\/p>\r\n\r\n<p>B&amp;B concierge solutions sl undertakes to adopt the necessary technical and organizational measures, according to the level of security appropriate to the risk of the data collected, so as to guarantee the security of personal data and avoid destruction, loss or alteration accidental or unlawful personal data transmitted, stored or otherwise processed, or unauthorized communication or access to such data.<\/p>\r\n\r\n<p>The Website has an SSL (Secure Socket Layer) certificate, which ensures that personal data is transmitted safely and confidentially, as the data is transmitted between the server and the User, and in feedback, fully encrypted or encrypted.<\/p>\r\n\r\n<p>However, because B&amp;B concierge solutions sl cannot guarantee the impregnability of the internet or the total absence of hackers or others who fraudulently access personal data, the Data Controller undertakes to notify the User without undue delay when it occurs a violation of the security of personal data that is likely to involve a high risk to the rights and freedoms of natural persons. Following the provisions of article 4 of the RGPD, a violation of the security of personal data is understood to be any violation of security that causes the destruction, loss or accidental or illegal alteration of personal data transmitted, stored or otherwise processed, or unauthorized communication or access to said data.<\/p>\r\n\r\n<p>Personal data will be treated as confidential by the person in charge of the treatment, who undertakes to inform about and guarantee through a legal or contractual obligation that said confidentiality is respected by their employees, associates, and any person to whom the information is made accessible.<\/p>\r\n\r\n<p><strong>Rights derived from the processing of personal data<\/strong><\/p>\r\n\r\n<p>The User has about B&amp;B concierge solutions sl and may, therefore, exercise the following rights recognized in the RGPD and in Organic Law 3\/2018, of December 5, on the Protection of Personal Data and guarantee of the digital rights:<\/p>\r\n\r\n<p>Derecho de acceso: Es el derecho del Usuario a obtener confirmaci\u00f3n de si B&amp;B concierge solutions sl est\u00e1 tratando o no sus datos personales y, en caso afirmativo, obtener informaci\u00f3n sobre sus datos concretos de car\u00e1cter personal y del tratamiento que B&amp;B concierge solutions sl haya realizado o realice, as\u00ed como, entre otra, de la informaci\u00f3n disponible sobre el origen de dichos datos y los destinatarios de las comunicaciones realizadas o previstas de los mismos.\r\nDerecho de rectificaci\u00f3n: Es el derecho del Usuario a que se modifiquen sus datos personales que resulten ser inexactos o, teniendo en cuenta los fines del tratamiento, incompletos.\r\nDerecho de supresi\u00f3n (\u00abel derecho al olvido\u00bb): Es el derecho del Usuario, siempre que la legislaci\u00f3n vigente no establezca lo contrario, a obtener la supresi\u00f3n de sus datos personales cuando estos ya no sean necesarios para los fines para los cuales fueron recogidos o tratados; el Usuario haya retirado su consentimiento al tratamiento y este no cuente con otra base legal; el Usuario se oponga al tratamiento y no exista otro motivo leg\u00edtimo para continuar con el mismo; los datos personales hayan sido tratados il\u00edcitamente; los datos personales deban suprimirse en cumplimiento de una obligaci\u00f3n legal; o los datos personales hayan sido obtenidos producto de una oferta directa de servicios de la sociedad de la informaci\u00f3n a un menor de 14 a\u00f1os. Adem\u00e1s de suprimir los datos, el Responsable del tratamiento, teniendo en cuenta la tecnolog\u00eda disponible y el coste de su aplicaci\u00f3n, deber\u00e1 adoptar medidas razonables para informar a los responsables que est\u00e9n tratando los datos personales de la solicitud del interesado de supresi\u00f3n de cualquier enlace a esos datos personales.<\/p>\r\n\r\n<p>Right to limitation of treatment: It is the right of the User to limit the processing of their personal data. The User has the right to obtain the limitation of the treatment when he disputes the accuracy of his personal data; the treatment is unlawful; The person in charge of the treatment no longer needs the personal data, but the User needs it to make claims; and when the User has opposed the treatment.\nRight to data portability: In the event that the treatment is carried out by automated means, the User will have the right to receive from the Person in charge of the treatment their personal data in a structured format, of common use and mechanical reading, and to transmit them to another person in charge. of the treatment. Whenever technically possible, the Data Controller will directly transmit the data to that other controller.\nRight of opposition: It is the right of the User not to carry out the processing of their personal data or to cease their treatment by B&amp;B concierge solutions sl.\nRight not to be the subject of a decision based solely on automated processing, including profiling: It is the User's right not to be subject to an individualized decision based solely on automated processing of their personal data, including the Profiling, existing unless current legislation establishes otherwise.<\/p>\r\n\r\n<p>As\u00ed pues, el Usuario podr\u00e1 ejercitar sus derechos mediante comunicaci\u00f3n escrita dirigida al Responsable del tratamiento con la referencia \u00abRGPD-www.theyugengroup.com\u00bb, especificando:<\/p>\r\n\r\n<p>Name, surname of the User and copy of the DNI. In the cases in which representation is admitted, the identification by the same means of the person representing the User, as well as the document proving the representation, will also be necessary. The photocopy of the DNI may be replaced by any other legally valid means that proves identity.\nRequest with the specific reasons for the request or information to which you want to access.\nAddress for notification purposes. Applicant's date and signature.Any document that proves the request you make.This request and any other attached document may be sent to the following address and \/ or email:\r\n\r\n<p>\r\n<ul><li>Postal address:<\/li>\r\n<li>Calle Jose Ortega y Gasset 28, Bajo b, 28006, Madrid, Espa\u00f1a<\/li>\r\n<li>Email <a href=\"mailto:bb@theyugengroup.com\" target=\"_blank\" rel=\"noopener\">bb@theyugengroup.com<\/a><\/li>\r\n<\/ul>\r\n<\/p>\r\n\r\n<p><strong>Claims before the supervisory authority<\/strong><\/p>\r\n\r\n<p>In the event that the User considers that there is a problem or infringement of current regulations in the way in which their personal data is being processed, they will have the right to effective judicial protection and to file a claim with a control, in particular, in the State in which you have your habitual residence, place of work or place of the alleged infringement. In the case of Spain, the control authority is the Spanish Agency for Data Protection <a href=\"https:\/\/www.agpd.es\" target=\"_blank\" rel=\"noopener\">(https:\/\/www.agpd.es)<\/a>.<\/p>\r\n\r\n<p><strong>II. ACCEPTANCE AND CHANGES TO THIS PRIVACY POLICY<\/strong><\/p>\r\n\r\n<p>It is necessary that the User has read and agrees with the conditions on the protection of personal data contained in this Privacy and Cookies Policy, as well as that he accepts the ttreatment of your personal data so that the person in charge of the treatment can proceed to the same in the form, during the periods and for the indicated purposes. The use of the Website will imply the acceptance of the Privacy and Cookies Policy of the same.<\/p>\r\n\r\n<p>B&amp;B concierge solutions sl reserves the right to modify its Privacy and Cookies Policy, according to its own criteria, or motivated by a legislative, jurisprudential or doctrinal change of the Spanish Agency for Data Protection. Changes or updates to this Privacy and Cookies Policy will be explicitly notified to the User.<\/p>\r\n\r\n<p>This Privacy and Cookies Policy was updated on April 1, 2020 to adapt to Regulation (EU) 2016\/679 of the European Parliament and of the Council, of April 27, 2016, regarding the protection of natural persons in what Regarding the processing of personal data and the free circulation of these data (RGPD) and Organic Law 3\/2018, of December 5, on the Protection of Personal Data and guarantee of digital rights.<\/p>","protected":false},"excerpt":{"rendered":"<p>I. POL\u00cdTICA DE PRIVACIDAD Y PROTECCI\u00d3N DE DATOS Respetando lo establecido en la legislaci\u00f3n vigente, B&amp;B concierge solutions sl (en adelante, tambi\u00e9n Sitio Web) se compromete a adoptar las medidas t\u00e9cnicas y organizativas necesarias, seg\u00fan el nivel de seguridad adecuado al riesgo de los datos recogidos. Leyes que incorpora esta pol\u00edtica de privacidad Esta pol\u00edtica [&hellip;]<\/p>","protected":false},"author":1,"featured_media":0,"parent":0,"menu_order":0,"comment_status":"closed","ping_status":"closed","template":"template-legal.php","meta":{"footnotes":""},"class_list":["post-37","page","type-page","status-publish","hentry"],"acf":[],"yoast_head":"<!-- This site is optimized with the Yoast SEO plugin v23.6 - https:\/\/yoast.com\/wordpress\/plugins\/seo\/ -->\n<title>Pol\u00edtica de Privacidad - The Yugen Group<\/title>\n<meta name=\"robots\" content=\"index, nofollow, max-snippet:-1, max-image-preview:large, max-video-preview:-1\" \/>\n<link rel=\"canonical\" href=\"https:\/\/theyugengroup.com\/en\/politica-de-privacidad\/\" \/>\n<meta property=\"og:locale\" content=\"en_GB\" \/>\n<meta property=\"og:type\" content=\"article\" \/>\n<meta property=\"og:title\" content=\"Pol\u00edtica de Privacidad - The Yugen Group\" \/>\n<meta property=\"og:description\" content=\"I. POL\u00cdTICA DE PRIVACIDAD Y PROTECCI\u00d3N DE DATOS Respetando lo establecido en la legislaci\u00f3n vigente, B&amp;B concierge solutions sl (en adelante, tambi\u00e9n Sitio Web) se compromete a adoptar las medidas t\u00e9cnicas y organizativas necesarias, seg\u00fan el nivel de seguridad adecuado al riesgo de los datos recogidos. Leyes que incorpora esta pol\u00edtica de privacidad Esta pol\u00edtica [&hellip;]\" \/>\n<meta property=\"og:url\" content=\"https:\/\/theyugengroup.com\/en\/politica-de-privacidad\/\" \/>\n<meta property=\"og:site_name\" content=\"The Yugen Group\" \/>\n<meta property=\"article:modified_time\" content=\"2024-04-25T08:17:23+00:00\" \/>\n<meta name=\"twitter:card\" content=\"summary_large_image\" \/>\n<meta name=\"twitter:label1\" content=\"Estimated reading time\" \/>\n\t<meta name=\"twitter:data1\" content=\"12 minutes\" \/>\n<script type=\"application\/ld+json\" class=\"yoast-schema-graph\">{\"@context\":\"https:\/\/schema.org\",\"@graph\":[{\"@type\":\"WebPage\",\"@id\":\"https:\/\/theyugengroup.com\/politica-de-privacidad\/\",\"url\":\"https:\/\/theyugengroup.com\/politica-de-privacidad\/\",\"name\":\"Pol\u00edtica de Privacidad - The Yugen Group\",\"isPartOf\":{\"@id\":\"https:\/\/theyugengroup.com\/#website\"},\"datePublished\":\"2023-10-02T15:59:34+00:00\",\"dateModified\":\"2024-04-25T08:17:23+00:00\",\"breadcrumb\":{\"@id\":\"https:\/\/theyugengroup.com\/politica-de-privacidad\/#breadcrumb\"},\"inLanguage\":\"en-GB\",\"potentialAction\":[{\"@type\":\"ReadAction\",\"target\":[\"https:\/\/theyugengroup.com\/politica-de-privacidad\/\"]}]},{\"@type\":\"BreadcrumbList\",\"@id\":\"https:\/\/theyugengroup.com\/politica-de-privacidad\/#breadcrumb\",\"itemListElement\":[{\"@type\":\"ListItem\",\"position\":1,\"name\":\"Home\",\"item\":\"https:\/\/theyugengroup.com\/\"},{\"@type\":\"ListItem\",\"position\":2,\"name\":\"Pol\u00edtica de Privacidad\"}]},{\"@type\":\"WebSite\",\"@id\":\"https:\/\/theyugengroup.com\/#website\",\"url\":\"https:\/\/theyugengroup.com\/\",\"name\":\"The Yugen Group\",\"description\":\"\",\"potentialAction\":[{\"@type\":\"SearchAction\",\"target\":{\"@type\":\"EntryPoint\",\"urlTemplate\":\"https:\/\/theyugengroup.com\/?s={search_term_string}\"},\"query-input\":{\"@type\":\"PropertyValueSpecification\",\"valueRequired\":true,\"valueName\":\"search_term_string\"}}],\"inLanguage\":\"en-GB\"}]}<\/script>\n<!-- \/ Yoast SEO plugin. -->","yoast_head_json":{"title":"Pol\u00edtica de Privacidad - The Yugen Group","robots":{"index":"index","follow":"nofollow","max-snippet":"max-snippet:-1","max-image-preview":"max-image-preview:large","max-video-preview":"max-video-preview:-1"},"canonical":"https:\/\/theyugengroup.com\/en\/politica-de-privacidad\/","og_locale":"en_GB","og_type":"article","og_title":"Pol\u00edtica de Privacidad - The Yugen Group","og_description":"I. POL\u00cdTICA DE PRIVACIDAD Y PROTECCI\u00d3N DE DATOS Respetando lo establecido en la legislaci\u00f3n vigente, B&amp;B concierge solutions sl (en adelante, tambi\u00e9n Sitio Web) se compromete a adoptar las medidas t\u00e9cnicas y organizativas necesarias, seg\u00fan el nivel de seguridad adecuado al riesgo de los datos recogidos. Leyes que incorpora esta pol\u00edtica de privacidad Esta pol\u00edtica [&hellip;]","og_url":"https:\/\/theyugengroup.com\/en\/politica-de-privacidad\/","og_site_name":"The Yugen Group","article_modified_time":"2024-04-25T08:17:23+00:00","twitter_card":"summary_large_image","twitter_misc":{"Estimated reading time":"12 minutes"},"schema":{"@context":"https:\/\/schema.org","@graph":[{"@type":"WebPage","@id":"https:\/\/theyugengroup.com\/politica-de-privacidad\/","url":"https:\/\/theyugengroup.com\/politica-de-privacidad\/","name":"Pol\u00edtica de Privacidad - The Yugen Group","isPartOf":{"@id":"https:\/\/theyugengroup.com\/#website"},"datePublished":"2023-10-02T15:59:34+00:00","dateModified":"2024-04-25T08:17:23+00:00","breadcrumb":{"@id":"https:\/\/theyugengroup.com\/politica-de-privacidad\/#breadcrumb"},"inLanguage":"en-GB","potentialAction":[{"@type":"ReadAction","target":["https:\/\/theyugengroup.com\/politica-de-privacidad\/"]}]},{"@type":"BreadcrumbList","@id":"https:\/\/theyugengroup.com\/politica-de-privacidad\/#breadcrumb","itemListElement":[{"@type":"ListItem","position":1,"name":"Home","item":"https:\/\/theyugengroup.com\/"},{"@type":"ListItem","position":2,"name":"Pol\u00edtica de Privacidad"}]},{"@type":"WebSite","@id":"https:\/\/theyugengroup.com\/#website","url":"https:\/\/theyugengroup.com\/","name":"The Yugen Group","description":"","potentialAction":[{"@type":"SearchAction","target":{"@type":"EntryPoint","urlTemplate":"https:\/\/theyugengroup.com\/?s={search_term_string}"},"query-input":{"@type":"PropertyValueSpecification","valueRequired":true,"valueName":"search_term_string"}}],"inLanguage":"en-GB"}]}},"_links":{"self":[{"href":"https:\/\/theyugengroup.com\/en\/wp-json\/wp\/v2\/pages\/37","targetHints":{"allow":["GET"]}}],"collection":[{"href":"https:\/\/theyugengroup.com\/en\/wp-json\/wp\/v2\/pages"}],"about":[{"href":"https:\/\/theyugengroup.com\/en\/wp-json\/wp\/v2\/types\/page"}],"author":[{"embeddable":true,"href":"https:\/\/theyugengroup.com\/en\/wp-json\/wp\/v2\/users\/1"}],"replies":[{"embeddable":true,"href":"https:\/\/theyugengroup.com\/en\/wp-json\/wp\/v2\/comments?post=37"}],"version-history":[{"count":8,"href":"https:\/\/theyugengroup.com\/en\/wp-json\/wp\/v2\/pages\/37\/revisions"}],"predecessor-version":[{"id":47,"href":"https:\/\/theyugengroup.com\/en\/wp-json\/wp\/v2\/pages\/37\/revisions\/47"}],"wp:attachment":[{"href":"https:\/\/theyugengroup.com\/en\/wp-json\/wp\/v2\/media?parent=37"}],"curies":[{"name":"wp","href":"https:\/\/api.w.org\/{rel}","templated":true}]}}