{"id":39,"date":"2023-10-02T18:35:42","date_gmt":"2023-10-02T16:35:42","guid":{"rendered":"https:\/\/theyugengroup.com.local\/?page_id=39"},"modified":"2023-10-02T19:01:15","modified_gmt":"2023-10-02T17:01:15","slug":"politica-de-cookies","status":"publish","type":"page","link":"https:\/\/theyugengroup.com\/en\/politica-de-cookies\/","title":{"rendered":"Cookie Policy"},"content":{"rendered":"<p>WHAT ARE COOKIES AND WHAT DO WE USE THEM FOR?<\/p>\r\n\r\n<p>A cookie or computer cookie is a small information file that is saved in your browser each time you visit our website. The usefulness of cookies is to save the history of your activity on our website, so that, when you visit it again, it can identify you and configure its content based on your browsing habits, identity and preferences. A cookie is harmless, it does not contain malicious or malicious code (eg viruses, Trojans, worms, etc.) that could damage your terminal (computer, smartphone, tablet, etc.), but it does have some impact on your right to protection. of your data, since it collects certain information concerning your person (browsing habits, identity, preferences, etc.).<\/p>\r\n\r\n<p>WHAT INFORMATION DOES A COOKIE STORE?<\/p>\r\n\r\n<p>Cookies do not usually collect special categories of personal data (sensitive data). The data they store is of a technical nature, personal preferences, personalization of content, etc.<\/p>\r\n\r\n<p>WHAT KIND OF COOKIES ARE THERE?<\/p>\r\n\r\n<p>In general, there are five types of cookies:<\/p>\r\n\r\n<p>Technical cookies:<\/p>\r\n\r\n<p>They are the most basic cookies. They allow the user to navigate through a web page, platform or application and use the different options or services that exist in it, such as, for example, controlling traffic and data communication, identifying the session, accessing parts of restricted access, remember the elements that make up an order, carry out the purchase process of an order, make the request for registration or participation in an event, use security elements during navigation, store content for the dissemination of videos or sound or share content through social networks. For its use it is not necessary to obtain the user's consent, it is only necessary to inform of its existence.<\/p>\r\n\r\n<p>Personalization cookies:<\/p>\r\n\r\n<p>They are those that allow the user to access the service with some predefined general characteristics based on a series of criteria in the user's terminal, such as the language, the type of browser through which the service is accessed, the regional configuration from where you access the service, etc. For its use it is not necessary to obtain the user's consent, it is only necessary to inform of its existence.<\/p>\r\n\r\n<p>Analysis cookies:<\/p>\r\n\r\n<p>They are those that allow the person responsible for them to monitor and analyze the behavior of the users of the websites to which they are linked. The information collected through this type of cookie is used to measure the activity of the websites, applications or platforms and to create browsing profiles of the users of said sites, applications and platforms, in order to introduce improvements in function of the analysis of the usage data made by the users of the service.<\/p>\r\n\r\n<p>Advertising cookies:<\/p>\r\n\r\n<p>They are those that allow the management, in the most efficient way possible, of the advertising spaces that, where appropriate, the person in charge has included in a web page, application or platform from which the requested service is provided based on criteria such as the content edited or the frequency in which ads are shown.<\/p>\r\n\r\n<p>Behavioral advertising cookies:<\/p>\r\n\r\n<p>They are those that allow the management, in the most efficient way possible, of the advertising spaces that, where appropriate, the person in charge has included in a web page, application or platform from which the requested service is provided. These cookies store information on the behavior of users obtained through continuous observation of their browsing habits, which allows the development of a specific profile to display advertising based on it.<\/p>\r\n\r\n<p>WHAT ARE OWN AND THIRD PARTY COOKIES?<\/p>\r\n\r\n<p>Behavioral advertising cookies:<\/p>\r\n\r\n<p>Own cookies are those that are generated and managed by the person responsible for providing the service requested by the user.<\/p>\r\n\r\n<p>Third party cookies:<\/p>\r\n\r\n<p>They are those that are generated by entities other than the person in charge (external services or providers, such as Google).<\/p>\r\n\r\n<p>WHAT KIND OF COOKIES DO WE STORE?<\/p>\r\n\r\n<p>Next, we proceed to relate the type of cookies that our website saves and their purpose:<\/p>\r\n\r\n<p>NECESSARY COOKIES<\/p>\r\n\r\n<p>SESS<\/p>\r\n\r\n<p>PURPOSE: This cookie is used by the PHP encryption language to allow SESSION variables to be saved on the web server. These cookies are essential for the operation of the web.<\/p>\r\n<p>EXPIRY: At the end of the browsing session.<\/p>\r\n<p>TYPE: Own session cookie.<\/p>\r\n \r\n<p>cookiesjsr<\/p>\r\n\r\n<p>PURPOSE: This cookie is used by the cookie acceptance module, to remember the user's preference.<\/p>\r\n<p>EXPIRY: 1 Year.<\/p>\r\n<p>TYPE: HTTP Cookie.<\/p>\r\n \r\n\r\n<p>PERFORMANCE COOKIES<\/p>\r\n\r\n<p>_ga<\/p>\r\n\r\n<p>PURPOSE: Registers a unique identification that is used to generate statistical data about to how the visitor uses the website.<\/p>\r\n<p>EXPIRY: 2 Years.<\/p>\r\n<p>TYPE: HTTP Cookie.<\/p>\r\n \r\n\r\n<p>WHAT CAN I DO WITH THE COOKIES?<\/p>\r\n\r\n<p>Cookies can be deleted, accepted or blocked, as desired, for this you only have to configure the web browser appropriately.<\/p>\r\n\r\n<p>At any time, you can prevent the installation of cookies (blocking) on \u200b\u200byour computer through the corresponding option in your browser, but in this case we cannot guarantee the correct functioning of the different functionalities of our website.<\/p>\r\n\r\n \r\n\r\n<p>HOW CAN I REMOVE COOKIES?<\/p>\r\n\r\n<p>Depending on the browser you use, we provide you with instructions to delete cookies:<\/p>\r\n\r\n<p>CHROME<\/p>\r\n<ul>\r\n<li>1. Select the Tools icon<\/li>\r\n\r\n<li>2. Click Settings.<\/li>\r\n\r\n<li>3. Click Show Advanced Options.<\/li>\r\n\r\n<li>4. In the \u201cPrivacy\u201d section, click Content Settings.<\/li>\r\n<\/ul>\r\n\r\n<p>Delete cookies: Click All cookies and site data\u2026\nDo not allow cookies to be stored.<\/p>\r\n<ul>\r\n<li>5. Click Clear Browsing Data (Empty Cache).<\/li>\r\n\r\n<li>6. Close and restart the browser.<\/li>\r\n<\/ul>\r\n<p>For more information about Chrome click here: <a href=\"https:\/\/support.google.com\/chrome\/answer\/95647?hl=es\" target=\"_blank\" rel=\"noopener\">https:\/\/support.google.com\/chrome\/answer\/95647?hl=es<\/a><\/p>\r\n\r\n<p>INTERNET EXPLORER. VERSION 11<\/p>\r\n\r\n<ul>\r\n<li>1. Select Tools | Internet Options.<\/li>\r\n\r\n<li>2. Click on the General tab.<\/li>\r\n\r\n<li>3. In the \u201cBrowsing history\u201d section, click Delete browsing history on exit.<\/li>\r\n\r\n<li>4. Select Delete files.<\/li>\r\n\r\n<li>5. Select Delete cookies.<\/li>\r\n\r\n<li>6. Click Delete.<\/li>\r\n\r\n<li>7. Click OK.<\/li>\r\n\r\n<li>8. Close and restart the browser.<\/li>\r\n<\/ul>\r\n<p>For more information about Internet Explorer click here: <a href=\"https:\/\/support.microsoft.com\/es-es\/windows\/eliminar-y-administrar-cookies-168dab11-0753-043d-7c16-ede5947fc64d\" target=\"_blank\" rel=\"noopener\"> https:\/\/support.microsoft.com\/es-es\/topic\/eliminar-y-administrar-cookies&#8230;<\/a><\/p>\r\n\r\n<p>FIREFOX. VERSI\u00d3N 65.0.1<\/p>\r\n<ul>\r\n<li>1. Select Firefox | History | Clear recent history.<\/li>\r\n\r\n<li>2. Next to \u201cDetails\u201d, click the down arrow.<\/li>\r\n\r\n<li>3. Select the following check boxes: Cookies, Cache, Active Logins<\/li>\r\n\r\n<li>4. Using the \u201cTime range to delete\u201d dropdown menu, select All.<\/li>\r\n\r\n<li>5. Click Erase Now.<\/li>\r\n\r\n<li>6. Close and restart the browser.<\/li>\r\n<\/ul>\r\n\r\n<p>You can accept or reject cookies individually in Firefox Preferences, in the History section available in Tools &gt; Options &gt; Privacy.<\/p>\r\n\r\n<p>For more information about Mozilla Firefox click here: <a href=\"https:\/\/www.mozilla.org\/es-ES\/privacy\/websites\/#cookies\" target=\"_blank\" rel=\"noopener\">https:\/\/www.mozilla.org\/es-ES\/privacy\/websites\/#cookies<\/a><\/p>\r\n\r\n \r\n\r\n<p>SAFARI VERSION 5.1<\/p>\r\n<ul>\r\n<li>1. Select the Safari icon \/ Edit | Restore Safari.<\/li>\r\n\r\n<li>2. Select the following check boxes: Clear history, Delete all website data<\/li>\r\n\r\n<li>3. Click Reset.<\/li>\r\n\r\n<li>4. Close and restart the browser.<\/li>\r\n<\/ul>\r\n<p>For more information about Safari click here: <a href=\"https:\/\/support.apple.com\/es-es\/guide\/safari\/sfri11471\/mac\" target=\"_blank\" rel=\"noopener\">https:\/\/support.apple.com\/es-es\/guide\/safari\/sfri11471\/mac<\/a><\/p>\r\n\r\n<p>OPERA<\/p>\r\n\r\n<p>Options \u2013 Advanced \u2013 Cookies.<\/p>\r\n\r\n<p>The cookie options control the way in which Opera handles them and therefore their acceptance or rejection.<\/p>\r\n\r\n<p>For more information about Opera click here: <a href=\"https:\/\/help.opera.com\/en\/latest\/security-and-privacy\/#clearBrowsingData\" target=\"_blank\" rel=\"noopener\">https:\/\/help.opera.com\/en\/latest\/security-and-privacy\/#clearBrowsingData<\/a><\/p>\r\n\r\n<p>OTHER BROWSER<\/p>\r\n\r\n<p>Consult the documentation of the browser you have installed.<\/p>\r\n\r\n \r\n\r\n<p>COOKIES ON MOBILE DEVICES<\/p>\r\n\r\n<p>This website also uses cookies or other storage devices on mobile devices. In this case, mobile device browsers allow you to configure privacy options or settings to disable or delete cookies.<\/p>\r\n\r\n<p>If you wish to modify the privacy options, follow the instructions specified by the developer of your mobile device browser.<\/p>\r\n\r\n<p>Also, below, you can find some examples of the links that will guide you to modify the privacy options on your mobile device:<\/p>\r\n<ul>\r\n<li>IOS: (<a href=\"https:\/\/apple.co\/29IEBKS\" target=\"_blank\" rel=\"noopener\">https:\/\/apple.co\/29IEBKS<\/a>)<\/li>\r\n<li>Windows Phone: (<a href=\"https:\/\/bit.ly\/1ReUSyY\" target=\"_blank\" rel=\"noopener\">https:\/\/bit.ly\/1ReUSyY<\/a>)<\/li>\r\n<li>Chrome Mobile: (<a href=\"https:\/\/bit.ly\/2Y8lDVS\" target=\"_blank\" rel=\"noopener\">https:\/\/bit.ly\/2Y8lDVS<\/a>)<\/li>\r\n<li>Opera Mobile: (<a href=\"https:\/\/bit.ly\/2LBYFN7\" target=\"_blank\" rel=\"noopener\">https:\/\/bit.ly\/2LBYFN7<\/a>)<\/li>\r\n<\/ul>","protected":false},"excerpt":{"rendered":"<p>\u00bfQU\u00c9 SON LAS COOKIES Y PARA QU\u00c9 LAS USAMOS? Una cookie o galleta inform\u00e1tica es un peque\u00f1o archivo de informaci\u00f3n que se guarda en su navegador cada vez que visita nuestra p\u00e1gina web. La utilidad de las cookies es guardar el historial de su actividad en nuestra p\u00e1gina web, de manera que, cuando la visite [&hellip;]<\/p>","protected":false},"author":1,"featured_media":0,"parent":0,"menu_order":0,"comment_status":"closed","ping_status":"closed","template":"template-legal.php","meta":{"footnotes":""},"class_list":["post-39","page","type-page","status-publish","hentry"],"acf":[],"yoast_head":"<!-- This site is optimized with the Yoast SEO plugin v23.6 - https:\/\/yoast.com\/wordpress\/plugins\/seo\/ -->\n<title>Pol\u00edtica de cookies - The Yugen Group<\/title>\n<meta name=\"robots\" content=\"index, follow, max-snippet:-1, max-image-preview:large, max-video-preview:-1\" \/>\n<link rel=\"canonical\" href=\"https:\/\/theyugengroup.com\/en\/politica-de-cookies\/\" \/>\n<meta property=\"og:locale\" content=\"en_GB\" \/>\n<meta property=\"og:type\" content=\"article\" \/>\n<meta property=\"og:title\" content=\"Pol\u00edtica de cookies - The Yugen Group\" \/>\n<meta property=\"og:description\" content=\"\u00bfQU\u00c9 SON LAS COOKIES Y PARA QU\u00c9 LAS USAMOS? Una cookie o galleta inform\u00e1tica es un peque\u00f1o archivo de informaci\u00f3n que se guarda en su navegador cada vez que visita nuestra p\u00e1gina web. La utilidad de las cookies es guardar el historial de su actividad en nuestra p\u00e1gina web, de manera que, cuando la visite [&hellip;]\" \/>\n<meta property=\"og:url\" content=\"https:\/\/theyugengroup.com\/en\/politica-de-cookies\/\" \/>\n<meta property=\"og:site_name\" content=\"The Yugen Group\" \/>\n<meta property=\"article:modified_time\" content=\"2023-10-02T17:01:15+00:00\" \/>\n<meta name=\"twitter:card\" content=\"summary_large_image\" \/>\n<meta name=\"twitter:label1\" content=\"Estimated reading time\" \/>\n\t<meta name=\"twitter:data1\" content=\"6 minutes\" \/>\n<script type=\"application\/ld+json\" class=\"yoast-schema-graph\">{\"@context\":\"https:\/\/schema.org\",\"@graph\":[{\"@type\":\"WebPage\",\"@id\":\"https:\/\/theyugengroup.com\/politica-de-cookies\/\",\"url\":\"https:\/\/theyugengroup.com\/politica-de-cookies\/\",\"name\":\"Pol\u00edtica de cookies - The Yugen Group\",\"isPartOf\":{\"@id\":\"https:\/\/theyugengroup.com\/#website\"},\"datePublished\":\"2023-10-02T16:35:42+00:00\",\"dateModified\":\"2023-10-02T17:01:15+00:00\",\"breadcrumb\":{\"@id\":\"https:\/\/theyugengroup.com\/politica-de-cookies\/#breadcrumb\"},\"inLanguage\":\"en-GB\",\"potentialAction\":[{\"@type\":\"ReadAction\",\"target\":[\"https:\/\/theyugengroup.com\/politica-de-cookies\/\"]}]},{\"@type\":\"BreadcrumbList\",\"@id\":\"https:\/\/theyugengroup.com\/politica-de-cookies\/#breadcrumb\",\"itemListElement\":[{\"@type\":\"ListItem\",\"position\":1,\"name\":\"Home\",\"item\":\"https:\/\/theyugengroup.com\/\"},{\"@type\":\"ListItem\",\"position\":2,\"name\":\"Pol\u00edtica de cookies\"}]},{\"@type\":\"WebSite\",\"@id\":\"https:\/\/theyugengroup.com\/#website\",\"url\":\"https:\/\/theyugengroup.com\/\",\"name\":\"The Yugen Group\",\"description\":\"\",\"potentialAction\":[{\"@type\":\"SearchAction\",\"target\":{\"@type\":\"EntryPoint\",\"urlTemplate\":\"https:\/\/theyugengroup.com\/?s={search_term_string}\"},\"query-input\":{\"@type\":\"PropertyValueSpecification\",\"valueRequired\":true,\"valueName\":\"search_term_string\"}}],\"inLanguage\":\"en-GB\"}]}<\/script>\n<!-- \/ Yoast SEO plugin. -->","yoast_head_json":{"title":"Pol\u00edtica de cookies - The Yugen Group","robots":{"index":"index","follow":"follow","max-snippet":"max-snippet:-1","max-image-preview":"max-image-preview:large","max-video-preview":"max-video-preview:-1"},"canonical":"https:\/\/theyugengroup.com\/en\/politica-de-cookies\/","og_locale":"en_GB","og_type":"article","og_title":"Pol\u00edtica de cookies - The Yugen Group","og_description":"\u00bfQU\u00c9 SON LAS COOKIES Y PARA QU\u00c9 LAS USAMOS? Una cookie o galleta inform\u00e1tica es un peque\u00f1o archivo de informaci\u00f3n que se guarda en su navegador cada vez que visita nuestra p\u00e1gina web. La utilidad de las cookies es guardar el historial de su actividad en nuestra p\u00e1gina web, de manera que, cuando la visite [&hellip;]","og_url":"https:\/\/theyugengroup.com\/en\/politica-de-cookies\/","og_site_name":"The Yugen Group","article_modified_time":"2023-10-02T17:01:15+00:00","twitter_card":"summary_large_image","twitter_misc":{"Estimated reading time":"6 minutes"},"schema":{"@context":"https:\/\/schema.org","@graph":[{"@type":"WebPage","@id":"https:\/\/theyugengroup.com\/politica-de-cookies\/","url":"https:\/\/theyugengroup.com\/politica-de-cookies\/","name":"Pol\u00edtica de cookies - The Yugen Group","isPartOf":{"@id":"https:\/\/theyugengroup.com\/#website"},"datePublished":"2023-10-02T16:35:42+00:00","dateModified":"2023-10-02T17:01:15+00:00","breadcrumb":{"@id":"https:\/\/theyugengroup.com\/politica-de-cookies\/#breadcrumb"},"inLanguage":"en-GB","potentialAction":[{"@type":"ReadAction","target":["https:\/\/theyugengroup.com\/politica-de-cookies\/"]}]},{"@type":"BreadcrumbList","@id":"https:\/\/theyugengroup.com\/politica-de-cookies\/#breadcrumb","itemListElement":[{"@type":"ListItem","position":1,"name":"Home","item":"https:\/\/theyugengroup.com\/"},{"@type":"ListItem","position":2,"name":"Pol\u00edtica de cookies"}]},{"@type":"WebSite","@id":"https:\/\/theyugengroup.com\/#website","url":"https:\/\/theyugengroup.com\/","name":"The Yugen Group","description":"","potentialAction":[{"@type":"SearchAction","target":{"@type":"EntryPoint","urlTemplate":"https:\/\/theyugengroup.com\/?s={search_term_string}"},"query-input":{"@type":"PropertyValueSpecification","valueRequired":true,"valueName":"search_term_string"}}],"inLanguage":"en-GB"}]}},"_links":{"self":[{"href":"https:\/\/theyugengroup.com\/en\/wp-json\/wp\/v2\/pages\/39","targetHints":{"allow":["GET"]}}],"collection":[{"href":"https:\/\/theyugengroup.com\/en\/wp-json\/wp\/v2\/pages"}],"about":[{"href":"https:\/\/theyugengroup.com\/en\/wp-json\/wp\/v2\/types\/page"}],"author":[{"embeddable":true,"href":"https:\/\/theyugengroup.com\/en\/wp-json\/wp\/v2\/users\/1"}],"replies":[{"embeddable":true,"href":"https:\/\/theyugengroup.com\/en\/wp-json\/wp\/v2\/comments?post=39"}],"version-history":[{"count":3,"href":"https:\/\/theyugengroup.com\/en\/wp-json\/wp\/v2\/pages\/39\/revisions"}],"predecessor-version":[{"id":49,"href":"https:\/\/theyugengroup.com\/en\/wp-json\/wp\/v2\/pages\/39\/revisions\/49"}],"wp:attachment":[{"href":"https:\/\/theyugengroup.com\/en\/wp-json\/wp\/v2\/media?parent=39"}],"curies":[{"name":"wp","href":"https:\/\/api.w.org\/{rel}","templated":true}]}}